{"id":93,"date":"2025-09-03T19:03:15","date_gmt":"2025-09-03T19:03:15","guid":{"rendered":"https:\/\/avime1537.es\/?page_id=93"},"modified":"2025-09-10T19:36:36","modified_gmt":"2025-09-10T19:36:36","slug":"contacto","status":"publish","type":"page","link":"https:\/\/avime1537.es\/?page_id=93","title":{"rendered":"Contacto"},"content":{"rendered":"\n<p class=\"has-large-font-size\">Puedes contactarnos a trav\u00e9s de nuestro correo electr\u00f3nico: &nbsp;<a href=\"mailto:info@avime1537.es\" target=\"_blank\" rel=\"noreferrer noopener\">info@avime1537.es<\/a><\/p>\n\n\n\n<div style=\"height:100px\" aria-hidden=\"true\" class=\"wp-block-spacer\"><\/div>\n\n\n\n<p class=\"has-large-font-size\">O tambi\u00e9n puedes buscarnos en redes sociales, estamos en:<\/p>\n\n\n\n<div style=\"height:50px\" aria-hidden=\"true\" class=\"wp-block-spacer\"><\/div>\n\n\n\n<p class=\"has-large-font-size\">Facebook <\/p>\n\n\n\n<div style=\"height:50px\" aria-hidden=\"true\" class=\"wp-block-spacer\"><\/div>\n\n\n\n<figure class=\"wp-block-image size-large\"><img fetchpriority=\"high\" decoding=\"async\" width=\"1024\" height=\"381\" src=\"https:\/\/avime1537.es\/wp-content\/uploads\/2025\/09\/Imagen-10-9-25-a-las-20.58-1-1024x381.jpeg\" alt=\"\" class=\"wp-image-144\" srcset=\"https:\/\/avime1537.es\/wp-content\/uploads\/2025\/09\/Imagen-10-9-25-a-las-20.58-1-1024x381.jpeg 1024w, https:\/\/avime1537.es\/wp-content\/uploads\/2025\/09\/Imagen-10-9-25-a-las-20.58-1-300x112.jpeg 300w, https:\/\/avime1537.es\/wp-content\/uploads\/2025\/09\/Imagen-10-9-25-a-las-20.58-1-768x285.jpeg 768w, https:\/\/avime1537.es\/wp-content\/uploads\/2025\/09\/Imagen-10-9-25-a-las-20.58-1-1536x571.jpeg 1536w, https:\/\/avime1537.es\/wp-content\/uploads\/2025\/09\/Imagen-10-9-25-a-las-20.58-1.jpeg 1894w\" sizes=\"(max-width: 1024px) 100vw, 1024px\" \/><\/figure>\n\n\n\n<div style=\"height:30px\" aria-hidden=\"true\" class=\"wp-block-spacer\"><\/div>\n\n\n\n<p class=\"has-large-font-size\"><a href=\"https:\/\/www.facebook.com\/groups\/2932197837063767\/\">https:\/\/www.facebook.com\/groups\/2932197837063767\/<\/a><\/p>\n\n\n\n<div style=\"height:50px\" aria-hidden=\"true\" class=\"wp-block-spacer\"><\/div>\n\n\n\n<p class=\"has-large-font-size\">Telegram  <\/p>\n\n\n\n<div style=\"height:50px\" aria-hidden=\"true\" class=\"wp-block-spacer\"><\/div>\n\n\n\n<figure class=\"wp-block-image size-full\"><img decoding=\"async\" width=\"740\" height=\"462\" src=\"https:\/\/avime1537.es\/wp-content\/uploads\/2025\/09\/Imagen-10-9-25-a-las-21.23.jpeg\" alt=\"\" class=\"wp-image-147\" srcset=\"https:\/\/avime1537.es\/wp-content\/uploads\/2025\/09\/Imagen-10-9-25-a-las-21.23.jpeg 740w, https:\/\/avime1537.es\/wp-content\/uploads\/2025\/09\/Imagen-10-9-25-a-las-21.23-300x187.jpeg 300w\" sizes=\"(max-width: 740px) 100vw, 740px\" \/><\/figure>\n\n\n\n<div style=\"height:30px\" aria-hidden=\"true\" class=\"wp-block-spacer\"><\/div>\n\n\n\n<p class=\"has-large-font-size\"><a href=\"https:\/\/t.me\/+rb4FX9pZ1v44ZTQ8\">https:\/\/t.me\/+rb4FX9pZ1v44ZTQ8<\/a><\/p>\n\n\n\n<p><\/p>\n\n\n\n<p class=\"has-large-font-size\"><\/p>\n\n\n\n<p class=\"has-large-font-size\"><\/p>\n","protected":false},"excerpt":{"rendered":"<p>Puedes contactarnos a trav\u00e9s de nuestro correo electr\u00f3nico: &nbsp;info@avime1537.es O tambi\u00e9n puedes buscarnos en redes sociales, estamos en: Facebook https:\/\/www.facebook.com\/groups\/2932197837063767\/ Telegram https:\/\/t.me\/+rb4FX9pZ1v44ZTQ8<\/p>\n","protected":false},"author":1,"featured_media":0,"parent":0,"menu_order":0,"comment_status":"closed","ping_status":"closed","template":"","meta":{"footnotes":""},"class_list":["post-93","page","type-page","status-publish","hentry"],"_links":{"self":[{"href":"https:\/\/avime1537.es\/index.php?rest_route=\/wp\/v2\/pages\/93","targetHints":{"allow":["GET"]}}],"collection":[{"href":"https:\/\/avime1537.es\/index.php?rest_route=\/wp\/v2\/pages"}],"about":[{"href":"https:\/\/avime1537.es\/index.php?rest_route=\/wp\/v2\/types\/page"}],"author":[{"embeddable":true,"href":"https:\/\/avime1537.es\/index.php?rest_route=\/wp\/v2\/users\/1"}],"replies":[{"embeddable":true,"href":"https:\/\/avime1537.es\/index.php?rest_route=%2Fwp%2Fv2%2Fcomments&post=93"}],"version-history":[{"count":11,"href":"https:\/\/avime1537.es\/index.php?rest_route=\/wp\/v2\/pages\/93\/revisions"}],"predecessor-version":[{"id":153,"href":"https:\/\/avime1537.es\/index.php?rest_route=\/wp\/v2\/pages\/93\/revisions\/153"}],"wp:attachment":[{"href":"https:\/\/avime1537.es\/index.php?rest_route=%2Fwp%2Fv2%2Fmedia&parent=93"}],"curies":[{"name":"wp","href":"https:\/\/api.w.org\/{rel}","templated":true}]}}